{"id":3447,"date":"2024-10-07T09:01:11","date_gmt":"2024-10-07T09:01:11","guid":{"rendered":"https:\/\/www.dirtrideacademy.pt\/politica-cookies\/"},"modified":"2025-08-26T09:41:23","modified_gmt":"2025-08-26T09:41:23","slug":"politica-cookies","status":"publish","type":"page","link":"https:\/\/www.dirtrideacademy.pt\/en\/politica-cookies\/","title":{"rendered":"Cookie Policy"},"content":{"rendered":"\t\t<div data-elementor-type=\"wp-page\" data-elementor-id=\"3447\" class=\"elementor elementor-3447 elementor-15\">\n\t\t\t\t<div class=\"elementor-element elementor-element-2134c69 e-flex e-con-boxed parallax_section_no qode_elementor_container_no e-con e-parent\" data-id=\"2134c69\" data-element_type=\"container\">\n\t\t\t\t\t<div class=\"e-con-inner\">\n\t\t<div class=\"elementor-element elementor-element-36f2848 e-con-full e-flex parallax_section_no qode_elementor_container_no e-con e-child\" data-id=\"36f2848\" data-element_type=\"container\">\n\t\t\t\t<div class=\"elementor-element elementor-element-9cdad11 elementor-widget elementor-widget-text-editor\" data-id=\"9cdad11\" data-element_type=\"widget\" data-widget_type=\"text-editor.default\">\n\t\t\t\t<div class=\"elementor-widget-container\">\n\t\t\t\t\t\t\t\t\tCookie Policy\t\t\t\t\t\t\t\t<\/div>\n\t\t\t\t<\/div>\n\t\t\t\t<div class=\"elementor-element elementor-element-1e6c396 elementor-widget elementor-widget-text-editor\" data-id=\"1e6c396\" data-element_type=\"widget\" data-widget_type=\"text-editor.default\">\n\t\t\t\t<div class=\"elementor-widget-container\">\n\t\t\t\t\t\t\t\t\t\u2028This policy should be analyzed in conjunction with our \n<a href=\"\/politica-privacidade\/\" target=\"_blank\" rel=\"noopener\">Privacy Policy<\/a>.\t\t\t\t\t\t\t\t<\/div>\n\t\t\t\t<\/div>\n\t\t\t\t<div class=\"elementor-element elementor-element-5e4447b elementor-widget-divider--view-line elementor-widget elementor-widget-divider\" data-id=\"5e4447b\" data-element_type=\"widget\" data-widget_type=\"divider.default\">\n\t\t\t\t<div class=\"elementor-widget-container\">\n\t\t\t\t\t\t\t<div class=\"elementor-divider\">\n\t\t\t<span class=\"elementor-divider-separator\">\n\t\t\t\t\t\t<\/span>\n\t\t<\/div>\n\t\t\t\t\t\t<\/div>\n\t\t\t\t<\/div>\n\t\t\t\t<div class=\"elementor-element elementor-element-a02775c elementor-widget elementor-widget-text-editor\" data-id=\"a02775c\" data-element_type=\"widget\" data-widget_type=\"text-editor.default\">\n\t\t\t\t<div class=\"elementor-widget-container\">\n\t\t\t\t\t\t\t\t\t<b>Who is responsible for data processing? <\/b>\n\nThe website data controller <a href=\"www.dirtrideacademy.pt\"> www.dirtrideacademy.pt <\/a> is Websystems, with the contact email info@dirtrideacademy.pt.\n\n<b>What are cookies? <\/b>\n\nCookies are small information files that are placed on your electronic device and can perform various functions, such as saving user preferences for certain types of information or storing information related to your visit to each website, with the main purpose of detecting the user during their visits to the website and their respective configuration parameters.\nThe use of cookies on the internet is common and in no way harms users&#8217; computers and other electronic web access equipment.\n\n<b>What are the functions of cookies? <\/b>\n\nCookies perform several functions, including helping the website&#8217;s content management and update department understand how the website is used in greater depth, facilitating navigation, saving your preferences, and generally improving your user experience. Cookies also serve to ensure that websites present relevant content to each user. Therefore, they are tools for continuously improving the user experience.\n\n<b>What types of cookies do we use? <\/b>\n\nThere are several types of cookies that operate in different ways and have different purposes when browsing the internet. \u2028Here are the existing categories we use:\n<ul>\n \t<li><strong> Strictly necessary cookies: <\/strong>: These are essential cookies because they ensure navigation on the website and the use of its features, including recording whether or not the user has authorized the use of cookies on the website. These cookies cannot be rejected when using a website.\nRetention period for data collected in this context: one year after collection.<\/li>\n \t<li><strong> Functional cookies<\/strong>: These are cookies that allow websites to remember information about choices made by the user, such as username, language, region from which they access the website, and personalize the users browsing experience. These cookies expire at the end of the user session (for example, when the user closes the browser window) or may remain for longer to remember the users preferences and choices on the website.\nRetention period for data collected in this context: one year after collection.<\/li>\n \t<li><strong>Advertising Cookies<\/strong>: These are cookies that collect information about a users browser usage habits, recording website usage. They are used to support more targeted marketing and communication initiatives, allowing the distinction and identification of individual usage preferences or storing a code that translates a set of usage habits or preferences.\nThe advertising cookies we may use belong to Facebook and Google. Click\u00a0<a href=\"https:\/\/www.facebook.com\/privacy\/policies\/cookies\/?entry_point=cookie_policy_redirect&amp;entry=0\" target=\"_blank\" rel=\"noopener\">here<\/a>\u00a0to consult the Facebook Cookie Policy and\u00a0<a href=\"https:\/\/policies.google.com\/technologies\/cookies?hl=pt-PT\" target=\"_blank\" rel=\"noopener\">here<\/a>\u00a0to consult Googles Cookie Policy.\nRetention period for data collected in this context: eighteen months after collection.<\/li>\n \t<li><strong>Analytical cookies<\/strong>: These cookies are used to analyze how users use the website and to monitor its performance, for example, which pages receive the most visits or whether any error messages are returned to the user. This allows you to provide a high-quality experience by personalizing the offer and quickly identifying and correcting any issues that arise. These cookies are used for continuous improvement and statistical analysis purposes.\nTo do so, we use the Google Analytics analysis tool, Facebook and respective cookies. Click\u00a0<a href=\"https:\/\/policies.google.com\/privacy?hl=pt-PT\" target=\"_blank\" rel=\"noopener\">here<\/a>\u00a0to review the Google Analytics Privacy Policy and\u00a0<a href=\"https:\/\/www.facebook.com\/privacy\/policy\/?entry_point=data_policy_redirect&amp;entry=0\" target=\"_blank\" rel=\"noopener\">here<\/a>\u00a0to review the Facebook Privacy Policy.\nRetention period for data collected in this context: two years after collection.<\/li>\n<\/ul>\n<strong>List of cookies we use:<\/strong>\n<div class=\"ws_table_wrapper\">\n<table style=\"border: 1px solid #DADADA;\" width=\"800\">\n<tbody>\n<tr>\n<td><strong>Cookie<\/strong><\/td>\n<td><strong>Domain<\/strong><\/td>\n<td><strong>Description<\/strong><\/td>\n<td><strong>Duration<\/strong><\/td>\n<td><strong>Protocolo<\/strong><\/td>\n<td><strong>Type<\/strong><\/td>\n<\/tr>\n<tr>\n<td>__utma<\/td>\n<td>dirtrideacademy.pt<\/td>\n<td>Google Analytics sets this cookie to distinguish users and sessions. The cookie is created when the JavaScript library executes and there are no existing __utma cookies. The cookie is updated every time data is sent to Google Analytics.<\/td>\n<td>\n<p class=\"p1\">1 year 1 month 4 days<\/p>\n<\/td>\n<td>HTTP<\/td>\n<td>Analytics<\/td>\n<\/tr>\n<tr>\n<td>__utmb<\/td>\n<td>dirtrideacademy.pt<\/td>\n<td>\n<p class=\"p1\">Google Analytics sets this cookie to determine new sessions\/visits. The __utmb cookie is created when the JavaScript library executes and there are no existing __utma cookies. It is updated every time data is sent to Google Analytics.<\/p>\n<\/td>\n<td>1 hour<\/td>\n<td>HTTP<\/td>\n<td>Analytics<\/td>\n<\/tr>\n<tr>\n<td>__utmc<\/td>\n<td>dirtrideacademy.pt<\/td>\n<td>\n<p class=\"p1\">Google Analytics sets this cookie to enable interoperability with urchin.js, an older version of Google Analytics, and is used in conjunction with the __utmb cookie to determine new sessions\/visits. It is deleted when the user closes the browser.<\/p>\n<\/td>\n<td>session<\/td>\n<td>HTTP<\/td>\n<td>Analytics<\/td>\n<\/tr>\n<tr>\n<td>__utmt<\/td>\n<td>dirtrideacademy.pt<\/td>\n<td>\n<p class=\"p1\">Google Analytics sets this cookie to throttle request rate.<\/p>\n<\/td>\n<td>10 minutes<\/td>\n<td>HTTP<\/td>\n<td>Analytics<\/td>\n<\/tr>\n<tr>\n<td>__utmz<\/td>\n<td>dirtrideacademy.pt<\/td>\n<td>\n<p class=\"p1\">Google Analytics sets this cookie to store the traffic source or campaign through which the visitor reached the site.<\/p>\n<\/td>\n<td>6 months<\/td>\n<td>HTTP<\/td>\n<td>Analytics<\/td>\n<\/tr>\n<tr>\n<td>_clsk<\/td>\n<td>dirtrideacademy.pt<\/td>\n<td>Microsoft Clarity cookie to store and combine a user&#8217;s page views into a single session record<\/td>\n<td>1 days<\/td>\n<td>HTTP<\/td>\n<td>Analytics<\/td>\n<\/tr>\n<tr>\n<td>_ga<\/td>\n<td>dirtrideacademy.pt<\/td>\n<td>Google Analytics User Identification Cookie<\/td>\n<td>2 years<\/td>\n<td>HTTP<\/td>\n<td>Analytics<\/td>\n<\/tr>\n<tr>\n<td>_gid<\/td>\n<td>google.com<\/td>\n<td>Google Analytics cookie to store and count page views<\/td>\n<td>1 day<\/td>\n<td>HTTP<\/td>\n<td>Analytics<\/td>\n<\/tr>\n<tr>\n<td>CLID<\/td>\n<td>www.clarity.ms<\/td>\n<td>Cookie that identifies the first time Clarity saw this user on any site using Clarity<\/td>\n<td>1 year<\/td>\n<td>HTTP<\/td>\n<td>Analytics<\/td>\n<\/tr>\n<tr>\n<td>_clck<\/td>\n<td>dirtrideacademy.pt<\/td>\n<td>Microsoft Clarity cookie to store the user&#8217;s unique ID<\/td>\n<td>1 year<\/td>\n<td>HTTP<\/td>\n<td>Marketing<\/td>\n<\/tr>\n<tr>\n<td>_fbp<\/td>\n<td>dirtrideacademy.pt<\/td>\n<td>Facebook Advertising cookie to store and track visits across websites<\/td>\n<td>3 months<\/td>\n<td>HTTP<\/td>\n<td>Marketing<\/td>\n<\/tr>\n<tr>\n<td>_ga_926PD7BYMJ<\/td>\n<td>dirtrideacademy.pt<\/td>\n<td>Google Analytics cookie to save and count page views<\/td>\n<td>2 years<\/td>\n<td>HTTP<\/td>\n<td>Marketing<\/td>\n<\/tr>\n<tr>\n<td>_gcl_au<\/td>\n<td>dirtrideacademy.pt<\/td>\n<td>Google Adsense cookie for saving and tracking conversions<\/td>\n<td>3 months<\/td>\n<td>HTTP<\/td>\n<td>Marketing<\/td>\n<\/tr>\n<tr>\n<td>IDE<\/td>\n<td>doubleclick.net<\/td>\n<td>Goocie by Google DoubleClick for ads or retargeting.<\/td>\n<td>2 years<\/td>\n<td>HTTP<\/td>\n<td>Marketing<\/td>\n<\/tr>\n<tr>\n<td>SSID<\/td>\n<td>youtube.com<\/td>\n<td>The \u201cSSID\u201d cookie is used to play embedded YouTube videos on the website.<\/td>\n<td>1 year<\/td>\n<td>HTTP<\/td>\n<td>Marketing<\/td>\n<\/tr>\n<tr>\n<td>test_cookie<\/td>\n<td>doubleclick.net<\/td>\n<td>A generic testing cookie set by a wide variety of web platforms.<\/td>\n<td>Session<\/td>\n<td>HTTP<\/td>\n<td>Marketing<\/td>\n<\/tr>\n<tr>\n<td>VISITOR_INFO1_LIVE<\/td>\n<td>youtube.com<\/td>\n<td>YouTube Cookie<\/td>\n<td>6 months<\/td>\n<td>HTTP<\/td>\n<td>Marketing<\/td>\n<\/tr>\n<tr>\n<td>_GRECAPTCHA<\/td>\n<td>www.google.com<\/td>\n<td>Google Recaptcha cookie to prevent form-filling spam<\/td>\n<td>180days<\/td>\n<td>HTTP<\/td>\n<td>Necessary<\/td>\n<\/tr>\n<tr>\n<td>PHPSESSID<\/td>\n<td>dirtrideacademy.pt<\/td>\n<td>PHP Generic Session Cookie<\/td>\n<td>54 years<\/td>\n<td>HTTP<\/td>\n<td>Necessary<\/td>\n<\/tr>\n<tr>\n<td>wpl_user_preference<\/td>\n<td>dirtrideacademy.pt<\/td>\n<td>WP GDPR Consent Preferences Cookie<\/td>\n<td>1 year<\/td>\n<td>HTTP<\/td>\n<td>Necessary<\/td>\n<\/tr>\n<tr>\n<td>YSC<\/td>\n<td>youtube.com<\/td>\n<td>YouTube Session Cookie<\/td>\n<td>54 years<\/td>\n<td>HTTP<\/td>\n<td>Necessary<\/td>\n<\/tr>\n<tr>\n<td>cookie_notice_accepted<\/td>\n<td>dirtrideacademy.pt<\/td>\n<td>Cookie Notice plugin preferences acceptance cookie<\/td>\n<td>1 hour<\/td>\n<td>HTTP<\/td>\n<td>Necessary<\/td>\n<\/tr>\n<tr>\n<td>wpl_viewed_cookie<\/td>\n<td>dirtrideacademy.pt<\/td>\n<td>WP GDPR Consent Control Cookie<\/td>\n<td>9 months<\/td>\n<td>HTTP<\/td>\n<td>Necessary<\/td>\n<\/tr>\n<\/tbody>\n<\/table>\n<\/div>\n<b>How can you manage cookies?<\/b>\n\nDifferent browsers offer different ways to manage cookies implemented by the websites you browse. There is no standard way to remove cookies, and depending on the browser you use, there are several advanced ways to manage them. However, all browsers allow you to generally remove cookies from your computer.\nPlease note that disabling cookies may disable all or some of the available features, negatively impacting your browsing experience.\nTo manage the use of cookies in your internet browser, follow these steps:\n<ul>\n \t<li><strong> \u00a0\u00a0Google Chrome <\/strong>\n&#8211; Select the \u201cSettings\u201d menu;\n&#8211; Select the option &#8220;Show advanced settings&#8221;;\n&#8211; Under &#8220;Privacy,&#8221; select &#8220;Content Settings.&#8221;\nMore information\u00a0<a href=\"https:\/\/support.google.com\/chrome\/answer\/95647?co=GENIE.Platform%253DDesktop&amp;hl=pt\" target=\"_blank\" rel=\"noopener\">here<\/a>.<\/li>\n \t<li><strong>Mozilla Firefox<\/strong>\n&#8211; Select the \u201cTools\u201d menu;\n&#8211; Select the &#8220;Preferences&#8221; option;\n&#8211; At the top, select the \u201cPrivacy\u201d icon.\nMore information\u00a0<a href=\"https:\/\/support.mozilla.org\/pt-BR\/kb\/cookies-informacoes-sites-armazenam-no-computador\" target=\"_blank\" rel=\"noopener\">here<\/a>.<\/li>\n \t<li><strong>Internet Explorer<\/strong>\n&#8211; Select the \u201cTools\u201d menu;\n&#8211; Select the \u201cInternet Options\u201d option;\n&#8211; Select the &#8220;Privacy&#8221; tab.\nMore information\u00a0<a href=\"https:\/\/support.microsoft.com\/pt-pt\/windows\/gerir-cookies-no-microsoft-edge-ver-permitir-bloquear-eliminar-e-utilizar-168dab11-0753-043d-7c16-ede5947fc64d\" target=\"_blank\" rel=\"noopener\">here<\/a>.<\/li>\n \t<li><strong>Safari<\/strong>\n&#8211; Select the \u201cEdit\u201d menu;\n&#8211; Select the &#8220;Preferences&#8221; option;\n&#8211; At the top, select the \u201cPrivacy\u201d icon.\nMore information\u00a0<a href=\"https:\/\/support.google.com\/accounts\/answer\/61416?co=GENIE.Platform=iOS&amp;hl=pt-BR\" target=\"_blank\" rel=\"noopener\">here<\/a>.<\/li>\n<\/ul>\n<p class=\"p1\">If you use more than one browser, you must manage cookies independently for each of them.<\/p>\n<p class=\"p1\">More information about Cookies at:\u00a0<a href=\"http:\/\/www.allaboutcookies.org\/\"><span class=\"s1\">www.allaboutcookies.org<\/span><\/a><\/p>\n<b>Cookie policy update <\/b>\n\nWe reserve the right to make changes to this Cookie Policy at any time, and these will be duly announced.\n\n\u00daltima atualiza\u00e7\u00e3o: 20 de Junho de 2025\t\t\t\t\t\t\t\t<\/div>\n\t\t\t\t<\/div>\n\t\t\t\t<\/div>\n\t\t\t\t\t<\/div>\n\t\t\t\t<\/div>\n\t\t\t\t<\/div>\n\t\t","protected":false},"excerpt":{"rendered":"<p>Cookie Policy\u2028This policy should be analyzed in conjunction with our Privacy Policy. Who is responsible for data processing? The website data controller www.dirtrideacademy.pt is Websystems, with the contact email info@dirtrideacademy.pt. What are cookies? Cookies are small information files that are placed on your electronic device&#8230;<\/p>\n","protected":false},"author":1,"featured_media":0,"parent":0,"menu_order":0,"comment_status":"closed","ping_status":"closed","template":"full_width.php","meta":{"footnotes":""},"class_list":["post-3447","page","type-page","status-publish","hentry"],"aioseo_notices":[],"_links":{"self":[{"href":"https:\/\/www.dirtrideacademy.pt\/en\/wp-json\/wp\/v2\/pages\/3447","targetHints":{"allow":["GET"]}}],"collection":[{"href":"https:\/\/www.dirtrideacademy.pt\/en\/wp-json\/wp\/v2\/pages"}],"about":[{"href":"https:\/\/www.dirtrideacademy.pt\/en\/wp-json\/wp\/v2\/types\/page"}],"author":[{"embeddable":true,"href":"https:\/\/www.dirtrideacademy.pt\/en\/wp-json\/wp\/v2\/users\/1"}],"replies":[{"embeddable":true,"href":"https:\/\/www.dirtrideacademy.pt\/en\/wp-json\/wp\/v2\/comments?post=3447"}],"version-history":[{"count":28,"href":"https:\/\/www.dirtrideacademy.pt\/en\/wp-json\/wp\/v2\/pages\/3447\/revisions"}],"predecessor-version":[{"id":3479,"href":"https:\/\/www.dirtrideacademy.pt\/en\/wp-json\/wp\/v2\/pages\/3447\/revisions\/3479"}],"wp:attachment":[{"href":"https:\/\/www.dirtrideacademy.pt\/en\/wp-json\/wp\/v2\/media?parent=3447"}],"curies":[{"name":"wp","href":"https:\/\/api.w.org\/{rel}","templated":true}]}}